{"id":71,"date":"2020-10-22T05:46:16","date_gmt":"2020-10-22T05:46:16","guid":{"rendered":"https:\/\/jupiterx.artbees.net\/law-firm\/?page_id=71"},"modified":"2023-12-05T19:49:48","modified_gmt":"2023-12-05T19:49:48","slug":"nosotros","status":"publish","type":"page","link":"https:\/\/thelaacc.com\/en\/nosotros\/","title":{"rendered":"Nosotros"},"content":{"rendered":"<div data-elementor-type=\"wp-page\" data-elementor-id=\"71\" class=\"elementor elementor-71\" data-elementor-post-type=\"page\">\n\t\t\t\t\t\t\t\t\t<section class=\"elementor-section elementor-top-section elementor-element elementor-element-043a0b7 elementor-section-boxed elementor-section-height-default elementor-section-height-default\" data-id=\"043a0b7\" data-element_type=\"section\" data-settings=\"{&quot;jet_parallax_layout_list&quot;:[{&quot;jet_parallax_layout_image&quot;:{&quot;url&quot;:&quot;&quot;,&quot;id&quot;:&quot;&quot;,&quot;size&quot;:&quot;&quot;},&quot;_id&quot;:&quot;5b6044a&quot;,&quot;jet_parallax_layout_image_tablet&quot;:{&quot;url&quot;:&quot;&quot;,&quot;id&quot;:&quot;&quot;,&quot;size&quot;:&quot;&quot;},&quot;jet_parallax_layout_image_mobile&quot;:{&quot;url&quot;:&quot;&quot;,&quot;id&quot;:&quot;&quot;,&quot;size&quot;:&quot;&quot;},&quot;jet_parallax_layout_speed&quot;:{&quot;unit&quot;:&quot;%&quot;,&quot;size&quot;:50,&quot;sizes&quot;:[]},&quot;jet_parallax_layout_type&quot;:&quot;scroll&quot;,&quot;jet_parallax_layout_direction&quot;:null,&quot;jet_parallax_layout_fx_direction&quot;:null,&quot;jet_parallax_layout_z_index&quot;:&quot;&quot;,&quot;jet_parallax_layout_bg_x&quot;:50,&quot;jet_parallax_layout_bg_x_tablet&quot;:&quot;&quot;,&quot;jet_parallax_layout_bg_x_mobile&quot;:&quot;&quot;,&quot;jet_parallax_layout_bg_y&quot;:50,&quot;jet_parallax_layout_bg_y_tablet&quot;:&quot;&quot;,&quot;jet_parallax_layout_bg_y_mobile&quot;:&quot;&quot;,&quot;jet_parallax_layout_bg_size&quot;:&quot;auto&quot;,&quot;jet_parallax_layout_bg_size_tablet&quot;:&quot;&quot;,&quot;jet_parallax_layout_bg_size_mobile&quot;:&quot;&quot;,&quot;jet_parallax_layout_animation_prop&quot;:&quot;transform&quot;,&quot;jet_parallax_layout_on&quot;:[&quot;desktop&quot;,&quot;tablet&quot;]}],&quot;background_background&quot;:&quot;classic&quot;}\">\n\t\t\t\t\t\t\t<div class=\"elementor-background-overlay\"><\/div>\n\t\t\t\t\t\t\t<div class=\"elementor-container elementor-column-gap-default\">\n\t\t\t\t\t<div class=\"elementor-column elementor-col-100 elementor-top-column elementor-element elementor-element-4e8fe02\" data-id=\"4e8fe02\" data-element_type=\"column\">\n\t\t\t<div class=\"elementor-widget-wrap elementor-element-populated\">\n\t\t\t\t\t\t\t\t<section class=\"elementor-section elementor-inner-section elementor-element elementor-element-983eb75 elementor-section-boxed elementor-section-height-default elementor-section-height-default\" data-id=\"983eb75\" data-element_type=\"section\" data-settings=\"{&quot;jet_parallax_layout_list&quot;:[{&quot;jet_parallax_layout_image&quot;:{&quot;url&quot;:&quot;&quot;,&quot;id&quot;:&quot;&quot;,&quot;size&quot;:&quot;&quot;},&quot;_id&quot;:&quot;82db96d&quot;,&quot;jet_parallax_layout_image_tablet&quot;:{&quot;url&quot;:&quot;&quot;,&quot;id&quot;:&quot;&quot;,&quot;size&quot;:&quot;&quot;},&quot;jet_parallax_layout_image_mobile&quot;:{&quot;url&quot;:&quot;&quot;,&quot;id&quot;:&quot;&quot;,&quot;size&quot;:&quot;&quot;},&quot;jet_parallax_layout_speed&quot;:{&quot;unit&quot;:&quot;%&quot;,&quot;size&quot;:50,&quot;sizes&quot;:[]},&quot;jet_parallax_layout_type&quot;:&quot;scroll&quot;,&quot;jet_parallax_layout_direction&quot;:null,&quot;jet_parallax_layout_fx_direction&quot;:null,&quot;jet_parallax_layout_z_index&quot;:&quot;&quot;,&quot;jet_parallax_layout_bg_x&quot;:50,&quot;jet_parallax_layout_bg_x_tablet&quot;:&quot;&quot;,&quot;jet_parallax_layout_bg_x_mobile&quot;:&quot;&quot;,&quot;jet_parallax_layout_bg_y&quot;:50,&quot;jet_parallax_layout_bg_y_tablet&quot;:&quot;&quot;,&quot;jet_parallax_layout_bg_y_mobile&quot;:&quot;&quot;,&quot;jet_parallax_layout_bg_size&quot;:&quot;auto&quot;,&quot;jet_parallax_layout_bg_size_tablet&quot;:&quot;&quot;,&quot;jet_parallax_layout_bg_size_mobile&quot;:&quot;&quot;,&quot;jet_parallax_layout_animation_prop&quot;:&quot;transform&quot;,&quot;jet_parallax_layout_on&quot;:[&quot;desktop&quot;,&quot;tablet&quot;]}]}\">\n\t\t\t\t\t\t<div class=\"elementor-container elementor-column-gap-wider\">\n\t\t\t\t\t<div class=\"elementor-column elementor-col-50 elementor-inner-column elementor-element elementor-element-dc121d8\" data-id=\"dc121d8\" data-element_type=\"column\">\n\t\t\t<div class=\"elementor-widget-wrap elementor-element-populated\">\n\t\t\t\t\t\t\t\t<div class=\"elementor-element elementor-element-a276e79 elementor-widget elementor-widget-image\" data-id=\"a276e79\" data-element_type=\"widget\" data-widget_type=\"image.default\">\n\t\t\t\t<div class=\"elementor-widget-container\">\n\t\t\t<style>\/*! elementor - v3.15.0 - 02-08-2023 *\/\n.elementor-widget-image{text-align:center}.elementor-widget-image a{display:inline-block}.elementor-widget-image a img[src$=\".svg\"]{width:48px}.elementor-widget-image img{vertical-align:middle;display:inline-block}<\/style>\t\t\t\t\t\t\t\t\t\t\t\t<img decoding=\"async\" width=\"1956\" height=\"2560\" src=\"https:\/\/thelaacc.com\/wp-content\/uploads\/2023\/08\/DSC03031-2-scaled.jpg\" class=\"attachment-full size-full wp-image-727\" alt=\"\" loading=\"lazy\" srcset=\"https:\/\/thelaacc.com\/wp-content\/uploads\/2023\/08\/DSC03031-2-scaled.jpg 1956w, https:\/\/thelaacc.com\/wp-content\/uploads\/2023\/08\/DSC03031-2-229x300.jpg 229w, https:\/\/thelaacc.com\/wp-content\/uploads\/2023\/08\/DSC03031-2-783x1024.jpg 783w, https:\/\/thelaacc.com\/wp-content\/uploads\/2023\/08\/DSC03031-2-768x1005.jpg 768w, https:\/\/thelaacc.com\/wp-content\/uploads\/2023\/08\/DSC03031-2-1174x1536.jpg 1174w, https:\/\/thelaacc.com\/wp-content\/uploads\/2023\/08\/DSC03031-2-1565x2048.jpg 1565w, https:\/\/thelaacc.com\/wp-content\/uploads\/2023\/08\/DSC03031-2-9x12.jpg 9w\" sizes=\"(max-width: 1956px) 100vw, 1956px\" \/>\t\t\t\t\t\t\t\t\t\t\t\t\t\t\t<\/div>\n\t\t\t\t<\/div>\n\t\t\t\t\t<\/div>\n\t\t<\/div>\n\t\t\t\t<div class=\"elementor-column elementor-col-50 elementor-inner-column elementor-element elementor-element-b3a181d\" data-id=\"b3a181d\" data-element_type=\"column\">\n\t\t\t<div class=\"elementor-widget-wrap elementor-element-populated\">\n\t\t\t\t\t\t\t\t<div class=\"elementor-element elementor-element-e6b237c elementor-widget elementor-widget-heading\" data-id=\"e6b237c\" data-element_type=\"widget\" data-widget_type=\"heading.default\">\n\t\t\t\t<div class=\"elementor-widget-container\">\n\t\t\t<style>\/*! elementor - v3.15.0 - 02-08-2023 *\/\n.elementor-heading-title{padding:0;margin:0;line-height:1}.elementor-widget-heading .elementor-heading-title[class*=elementor-size-]>a{color:inherit;font-size:inherit;line-height:inherit}.elementor-widget-heading .elementor-heading-title.elementor-size-small{font-size:15px}.elementor-widget-heading .elementor-heading-title.elementor-size-medium{font-size:19px}.elementor-widget-heading .elementor-heading-title.elementor-size-large{font-size:29px}.elementor-widget-heading .elementor-heading-title.elementor-size-xl{font-size:39px}.elementor-widget-heading .elementor-heading-title.elementor-size-xxl{font-size:59px}<\/style><h2 class=\"elementor-heading-title elementor-size-default\">Laura Monta\u00f1\u00e9s Mondrag\u00f3n<\/h2>\t\t<\/div>\n\t\t\t\t<\/div>\n\t\t\t\t<div class=\"elementor-element elementor-element-4895f89 elementor-widget elementor-widget-text-editor\" data-id=\"4895f89\" data-element_type=\"widget\" data-widget_type=\"text-editor.default\">\n\t\t\t\t<div class=\"elementor-widget-container\">\n\t\t\t<style>\/*! elementor - v3.15.0 - 02-08-2023 *\/\n.elementor-widget-text-editor.elementor-drop-cap-view-stacked .elementor-drop-cap{background-color:#69727d;color:#fff}.elementor-widget-text-editor.elementor-drop-cap-view-framed .elementor-drop-cap{color:#69727d;border:3px solid;background-color:transparent}.elementor-widget-text-editor:not(.elementor-drop-cap-view-default) .elementor-drop-cap{margin-top:8px}.elementor-widget-text-editor:not(.elementor-drop-cap-view-default) .elementor-drop-cap-letter{width:1em;height:1em}.elementor-widget-text-editor .elementor-drop-cap{float:left;text-align:center;line-height:1;font-size:50px}.elementor-widget-text-editor .elementor-drop-cap-letter{display:inline-block}<\/style>\t\t\t\tLaura es egresada de la Universidad de los Andes en Bogot\u00e1. All\u00ed realiz\u00f3 su pregrado en pintura y curadur\u00eda con opciones acad\u00e9micas en administraci\u00f3n y derecho de la propiedad intelectual y del entretenimiento. Despu\u00e9s de esto, curs\u00f3 estudios de maestr\u00eda en Londres, MSc Art, Law and Business con la casa de subastas Christie\u00b4s. A lo largo de sus estudios Laura ha complementado su aprendizaje con cursos y trabajando en varios campos del mundo del arte, entre ellos cabe destacar la casa de subastas Christie \u2018s en Londres, el ministerio de cultura en Colombia, la feria Internacional de arte Artbo, Bogot\u00e1 Auctions, Cr\u00f3nica Art y la colecci\u00f3n corporativa del Banco Ita\u00fa en Colombia\t\t\t\t\t\t<\/div>\n\t\t\t\t<\/div>\n\t\t\t\t\t<\/div>\n\t\t<\/div>\n\t\t\t\t\t\t\t<\/div>\n\t\t<\/section>\n\t\t\t\t<section class=\"elementor-section elementor-inner-section elementor-element elementor-element-7e04d4f elementor-section-boxed elementor-section-height-default elementor-section-height-default\" data-id=\"7e04d4f\" data-element_type=\"section\" data-settings=\"{&quot;jet_parallax_layout_list&quot;:[{&quot;jet_parallax_layout_image&quot;:{&quot;url&quot;:&quot;&quot;,&quot;id&quot;:&quot;&quot;,&quot;size&quot;:&quot;&quot;},&quot;_id&quot;:&quot;82db96d&quot;,&quot;jet_parallax_layout_image_tablet&quot;:{&quot;url&quot;:&quot;&quot;,&quot;id&quot;:&quot;&quot;,&quot;size&quot;:&quot;&quot;},&quot;jet_parallax_layout_image_mobile&quot;:{&quot;url&quot;:&quot;&quot;,&quot;id&quot;:&quot;&quot;,&quot;size&quot;:&quot;&quot;},&quot;jet_parallax_layout_speed&quot;:{&quot;unit&quot;:&quot;%&quot;,&quot;size&quot;:50,&quot;sizes&quot;:[]},&quot;jet_parallax_layout_type&quot;:&quot;scroll&quot;,&quot;jet_parallax_layout_direction&quot;:null,&quot;jet_parallax_layout_fx_direction&quot;:null,&quot;jet_parallax_layout_z_index&quot;:&quot;&quot;,&quot;jet_parallax_layout_bg_x&quot;:50,&quot;jet_parallax_layout_bg_x_tablet&quot;:&quot;&quot;,&quot;jet_parallax_layout_bg_x_mobile&quot;:&quot;&quot;,&quot;jet_parallax_layout_bg_y&quot;:50,&quot;jet_parallax_layout_bg_y_tablet&quot;:&quot;&quot;,&quot;jet_parallax_layout_bg_y_mobile&quot;:&quot;&quot;,&quot;jet_parallax_layout_bg_size&quot;:&quot;auto&quot;,&quot;jet_parallax_layout_bg_size_tablet&quot;:&quot;&quot;,&quot;jet_parallax_layout_bg_size_mobile&quot;:&quot;&quot;,&quot;jet_parallax_layout_animation_prop&quot;:&quot;transform&quot;,&quot;jet_parallax_layout_on&quot;:[&quot;desktop&quot;,&quot;tablet&quot;]}]}\">\n\t\t\t\t\t\t<div class=\"elementor-container elementor-column-gap-wider\">\n\t\t\t\t\t<div class=\"elementor-column elementor-col-50 elementor-inner-column elementor-element elementor-element-696f59a\" data-id=\"696f59a\" data-element_type=\"column\">\n\t\t\t<div class=\"elementor-widget-wrap elementor-element-populated\">\n\t\t\t\t\t\t\t\t<div class=\"elementor-element elementor-element-2c089c7 elementor-widget elementor-widget-image\" data-id=\"2c089c7\" data-element_type=\"widget\" data-widget_type=\"image.default\">\n\t\t\t\t<div class=\"elementor-widget-container\">\n\t\t\t\t\t\t\t\t\t\t\t\t\t\t\t<img decoding=\"async\" width=\"2168\" height=\"2560\" src=\"https:\/\/thelaacc.com\/wp-content\/uploads\/2023\/08\/Facetune_01-09-2022-16-59-42-scaled.jpg\" class=\"attachment-full size-full wp-image-728\" alt=\"\" loading=\"lazy\" srcset=\"https:\/\/thelaacc.com\/wp-content\/uploads\/2023\/08\/Facetune_01-09-2022-16-59-42-scaled.jpg 2168w, https:\/\/thelaacc.com\/wp-content\/uploads\/2023\/08\/Facetune_01-09-2022-16-59-42-254x300.jpg 254w, https:\/\/thelaacc.com\/wp-content\/uploads\/2023\/08\/Facetune_01-09-2022-16-59-42-867x1024.jpg 867w, https:\/\/thelaacc.com\/wp-content\/uploads\/2023\/08\/Facetune_01-09-2022-16-59-42-768x907.jpg 768w, https:\/\/thelaacc.com\/wp-content\/uploads\/2023\/08\/Facetune_01-09-2022-16-59-42-1301x1536.jpg 1301w, https:\/\/thelaacc.com\/wp-content\/uploads\/2023\/08\/Facetune_01-09-2022-16-59-42-1734x2048.jpg 1734w, https:\/\/thelaacc.com\/wp-content\/uploads\/2023\/08\/Facetune_01-09-2022-16-59-42-10x12.jpg 10w\" sizes=\"(max-width: 2168px) 100vw, 2168px\" \/>\t\t\t\t\t\t\t\t\t\t\t\t\t\t\t<\/div>\n\t\t\t\t<\/div>\n\t\t\t\t\t<\/div>\n\t\t<\/div>\n\t\t\t\t<div class=\"elementor-column elementor-col-50 elementor-inner-column elementor-element elementor-element-152f8ea\" data-id=\"152f8ea\" data-element_type=\"column\">\n\t\t\t<div class=\"elementor-widget-wrap elementor-element-populated\">\n\t\t\t\t\t\t\t\t<div class=\"elementor-element elementor-element-406c5cf elementor-widget elementor-widget-heading\" data-id=\"406c5cf\" data-element_type=\"widget\" data-widget_type=\"heading.default\">\n\t\t\t\t<div class=\"elementor-widget-container\">\n\t\t\t<h2 class=\"elementor-heading-title elementor-size-default\">Manuela Rodr\u00edguez<\/h2>\t\t<\/div>\n\t\t\t\t<\/div>\n\t\t\t\t<div class=\"elementor-element elementor-element-2ae0b0f elementor-widget elementor-widget-text-editor\" data-id=\"2ae0b0f\" data-element_type=\"widget\" data-widget_type=\"text-editor.default\">\n\t\t\t\t<div class=\"elementor-widget-container\">\n\t\t\t\t\t\t\t<p>Manuela es artista visual con \u00e9nfasis pl\u00e1stico de la Pontificia universidad Javeriana de Bogot\u00e1, y es especialista en curadur\u00eda de museos y exposiciones enfocada en marketing art\u00edstico y emprendimiento cultural. Manuela ha trabajado en diversos campos del mundo del arte y las industrias creativas, en 2020 fund\u00f3 la agencia boutique de marketing digital para redes sociales Good Form y trabajo en la direcci\u00f3n de marketing nacional de la franquicia brasile\u00f1a Oakberry adem\u00e1s es co- fundadora de The LAACC consultora de arte y cultura donde se han llevado a cabo proyectos para colecciones corporativas como Cafam y Bavaria, diversas colecciones privadas y proyectos institucionales ademas de subastas con fundaciones y galer\u00edas en Colombia. Previo a la The LAACC trabajo en management art\u00edstico, y en la colecci\u00f3n corporativa del banco Ita\u00fa.<\/p>\t\t\t\t\t\t<\/div>\n\t\t\t\t<\/div>\n\t\t\t\t\t<\/div>\n\t\t<\/div>\n\t\t\t\t\t\t\t<\/div>\n\t\t<\/section>\n\t\t\t\t\t<\/div>\n\t\t<\/div>\n\t\t\t\t\t\t\t<\/div>\n\t\t<\/section>\n\t\t\t\t\t\t\t<\/div>","protected":false},"excerpt":{"rendered":"<p>Laura Monta\u00f1\u00e9s Mondrag\u00f3n Laura es egresada de la Universidad de los Andes en Bogot\u00e1. All\u00ed realiz\u00f3 su pregrado en pintura y curadur\u00eda con opciones acad\u00e9micas en administraci\u00f3n y derecho de la propiedad intelectual y del entretenimiento. Despu\u00e9s de esto, curs\u00f3 estudios de maestr\u00eda en Londres, MSc Art, Law and Business con la casa de subastas [&hellip;]<\/p>","protected":false},"author":1,"featured_media":0,"parent":0,"menu_order":0,"comment_status":"closed","ping_status":"closed","template":"full-width.php","meta":[],"acf":[],"_links":{"self":[{"href":"https:\/\/thelaacc.com\/en\/wp-json\/wp\/v2\/pages\/71"}],"collection":[{"href":"https:\/\/thelaacc.com\/en\/wp-json\/wp\/v2\/pages"}],"about":[{"href":"https:\/\/thelaacc.com\/en\/wp-json\/wp\/v2\/types\/page"}],"author":[{"embeddable":true,"href":"https:\/\/thelaacc.com\/en\/wp-json\/wp\/v2\/users\/1"}],"replies":[{"embeddable":true,"href":"https:\/\/thelaacc.com\/en\/wp-json\/wp\/v2\/comments?post=71"}],"version-history":[{"count":53,"href":"https:\/\/thelaacc.com\/en\/wp-json\/wp\/v2\/pages\/71\/revisions"}],"predecessor-version":[{"id":839,"href":"https:\/\/thelaacc.com\/en\/wp-json\/wp\/v2\/pages\/71\/revisions\/839"}],"wp:attachment":[{"href":"https:\/\/thelaacc.com\/en\/wp-json\/wp\/v2\/media?parent=71"}],"curies":[{"name":"wp","href":"https:\/\/api.w.org\/{rel}","templated":true}]}}